{"id":2735,"date":"2023-01-02T17:20:45","date_gmt":"2023-01-02T16:20:45","guid":{"rendered":"https:\/\/seta66.com\/?page_id=2735"},"modified":"2024-07-12T23:43:23","modified_gmt":"2024-07-12T21:43:23","slug":"archives","status":"publish","type":"page","link":"https:\/\/seta66.com\/index.php\/archives\/","title":{"rendered":"Archives"},"content":{"rendered":"\t\t<div data-elementor-type=\"wp-page\" data-elementor-id=\"2735\" class=\"elementor elementor-2735\">\n\t\t\t\t\t\t<section class=\"elementor-section elementor-top-section elementor-element elementor-element-3a033d4 elementor-section-boxed elementor-section-height-default elementor-section-height-default\" data-id=\"3a033d4\" data-element_type=\"section\" data-e-type=\"section\">\n\t\t\t\t\t\t<div class=\"elementor-container elementor-column-gap-default\">\n\t\t\t\t\t<div class=\"elementor-column elementor-col-100 elementor-top-column elementor-element elementor-element-b9aeb19\" data-id=\"b9aeb19\" data-element_type=\"column\" data-e-type=\"column\">\n\t\t\t<div class=\"elementor-widget-wrap elementor-element-populated\">\n\t\t\t\t\t\t<div class=\"elementor-element elementor-element-3e55f7b elementor-widget elementor-widget-heading\" data-id=\"3e55f7b\" data-element_type=\"widget\" data-e-type=\"widget\" data-widget_type=\"heading.default\">\n\t\t\t\t<div class=\"elementor-widget-container\">\n\t\t\t\t\t<h1 class=\"elementor-heading-title elementor-size-default\">Archives <\/h1>\t\t\t\t<\/div>\n\t\t\t\t<\/div>\n\t\t\t\t\t<\/div>\n\t\t<\/div>\n\t\t\t\t\t<\/div>\n\t\t<\/section>\n\t\t\t\t<section class=\"elementor-section elementor-top-section elementor-element elementor-element-29a148d elementor-section-boxed elementor-section-height-default elementor-section-height-default\" data-id=\"29a148d\" data-element_type=\"section\" data-e-type=\"section\">\n\t\t\t\t\t\t<div class=\"elementor-container elementor-column-gap-default\">\n\t\t\t\t\t<div class=\"elementor-column elementor-col-100 elementor-top-column elementor-element elementor-element-297fb54\" data-id=\"297fb54\" data-element_type=\"column\" data-e-type=\"column\">\n\t\t\t<div class=\"elementor-widget-wrap elementor-element-populated\">\n\t\t\t\t\t\t<div class=\"elementor-element elementor-element-ca8687e elementor-widget-divider--view-line elementor-widget elementor-widget-divider\" data-id=\"ca8687e\" data-element_type=\"widget\" data-e-type=\"widget\" data-widget_type=\"divider.default\">\n\t\t\t\t<div class=\"elementor-widget-container\">\n\t\t\t\t\t\t\t<div class=\"elementor-divider\">\n\t\t\t<span class=\"elementor-divider-separator\">\n\t\t\t\t\t\t<\/span>\n\t\t<\/div>\n\t\t\t\t\t\t<\/div>\n\t\t\t\t<\/div>\n\t\t\t\t\t<\/div>\n\t\t<\/div>\n\t\t\t\t\t<\/div>\n\t\t<\/section>\n\t\t\t\t<section class=\"elementor-section elementor-top-section elementor-element elementor-element-990d800 elementor-section-boxed elementor-section-height-default elementor-section-height-default\" data-id=\"990d800\" data-element_type=\"section\" data-e-type=\"section\">\n\t\t\t\t\t\t<div class=\"elementor-container elementor-column-gap-default\">\n\t\t\t\t\t<div class=\"elementor-column elementor-col-100 elementor-top-column elementor-element elementor-element-6316cd2\" data-id=\"6316cd2\" data-element_type=\"column\" data-e-type=\"column\">\n\t\t\t<div class=\"elementor-widget-wrap elementor-element-populated\">\n\t\t\t\t\t\t<div class=\"elementor-element elementor-element-4fe55fe elementor-widget elementor-widget-ekit-nav-menu\" data-id=\"4fe55fe\" data-element_type=\"widget\" data-e-type=\"widget\" data-widget_type=\"ekit-nav-menu.default\">\n\t\t\t\t<div class=\"elementor-widget-container\">\n\t\t\t\t\t\t\t<nav class=\"ekit-wid-con ekit_menu_responsive_mobile\"\n\t\t\tdata-hamburger-icon=\"\"\n\t\t\tdata-hamburger-icon-type=\"icon\"\n\t\t\tdata-responsive-breakpoint=\"767\">\n\t\t\t            <button class=\"elementskit-menu-hamburger elementskit-menu-toggler\"  type=\"button\" aria-label=\"hamburger-icon\">\n                                    <span class=\"elementskit-menu-hamburger-icon\"><\/span><span class=\"elementskit-menu-hamburger-icon\"><\/span><span class=\"elementskit-menu-hamburger-icon\"><\/span>\n                            <\/button>\n            <div id=\"ekit-megamenu-lesarchives\" class=\"elementskit-menu-container elementskit-menu-offcanvas-elements elementskit-navbar-nav-default ekit-nav-menu-one-page-no ekit-nav-dropdown-click\"><ul id=\"menu-lesarchives\" class=\"elementskit-navbar-nav elementskit-menu-po-center submenu-click-on-icon\"><li id=\"menu-item-2762\" class=\"menu-item menu-item-type-post_type menu-item-object-page menu-item-2762 nav-item elementskit-mobile-builder-content\" data-vertical-menu=750px><a href=\"https:\/\/seta66.com\/index.php\/archives\/\" class=\"ekit-menu-nav-link\">Archives<\/a><\/li>\n<li id=\"menu-item-2761\" class=\"menu-item menu-item-type-post_type menu-item-object-post menu-item-2761 nav-item elementskit-mobile-builder-content\" data-vertical-menu=750px><a href=\"https:\/\/seta66.com\/index.php\/2022\/01\/02\/seta-2021\/\" class=\"ekit-menu-nav-link\">Seta-2021<\/a><\/li>\n<li id=\"menu-item-2760\" class=\"menu-item menu-item-type-post_type menu-item-object-post menu-item-2760 nav-item elementskit-mobile-builder-content\" data-vertical-menu=750px><a href=\"https:\/\/seta66.com\/index.php\/2022\/01\/02\/seta-2022\/\" class=\"ekit-menu-nav-link\">Seta-2022<\/a><\/li>\n<li id=\"menu-item-4806\" class=\"menu-item menu-item-type-post_type menu-item-object-post menu-item-4806 nav-item elementskit-mobile-builder-content\" data-vertical-menu=750px><a href=\"https:\/\/seta66.com\/index.php\/2022\/01\/07\/seta-2023\/\" class=\"ekit-menu-nav-link\">Seta-2023<\/a><\/li>\n<\/ul><div class=\"elementskit-nav-identity-panel\"><button class=\"elementskit-menu-close elementskit-menu-toggler\" type=\"button\">X<\/button><\/div><\/div>\n\t\t\t<div class=\"elementskit-menu-overlay elementskit-menu-offcanvas-elements elementskit-menu-toggler ekit-nav-menu--overlay\"><\/div>        <\/nav>\n\t\t\t\t\t\t<\/div>\n\t\t\t\t<\/div>\n\t\t\t\t\t<\/div>\n\t\t<\/div>\n\t\t\t\t\t<\/div>\n\t\t<\/section>\n\t\t\t\t<section class=\"elementor-section elementor-top-section elementor-element elementor-element-37d58a9 elementor-section-boxed elementor-section-height-default elementor-section-height-default\" data-id=\"37d58a9\" data-element_type=\"section\" data-e-type=\"section\">\n\t\t\t\t\t\t<div class=\"elementor-container elementor-column-gap-default\">\n\t\t\t\t\t<div class=\"elementor-column elementor-col-100 elementor-top-column elementor-element elementor-element-1d74c39\" data-id=\"1d74c39\" data-element_type=\"column\" data-e-type=\"column\">\n\t\t\t<div class=\"elementor-widget-wrap elementor-element-populated\">\n\t\t\t\t\t\t<div class=\"elementor-element elementor-element-7c9d2d5 elementor-widget-divider--view-line elementor-widget elementor-widget-divider\" data-id=\"7c9d2d5\" data-element_type=\"widget\" data-e-type=\"widget\" data-widget_type=\"divider.default\">\n\t\t\t\t<div class=\"elementor-widget-container\">\n\t\t\t\t\t\t\t<div class=\"elementor-divider\">\n\t\t\t<span class=\"elementor-divider-separator\">\n\t\t\t\t\t\t<\/span>\n\t\t<\/div>\n\t\t\t\t\t\t<\/div>\n\t\t\t\t<\/div>\n\t\t\t\t\t<\/div>\n\t\t<\/div>\n\t\t\t\t\t<\/div>\n\t\t<\/section>\n\t\t\t\t<section class=\"elementor-section elementor-top-section elementor-element elementor-element-0d9047e elementor-section-boxed elementor-section-height-default elementor-section-height-default\" data-id=\"0d9047e\" data-element_type=\"section\" data-e-type=\"section\">\n\t\t\t\t\t\t<div class=\"elementor-container elementor-column-gap-default\">\n\t\t\t\t\t<div class=\"elementor-column elementor-col-100 elementor-top-column elementor-element elementor-element-0a84aa7\" data-id=\"0a84aa7\" data-element_type=\"column\" data-e-type=\"column\">\n\t\t\t<div class=\"elementor-widget-wrap elementor-element-populated\">\n\t\t\t\t\t\t<div class=\"elementor-element elementor-element-31c9b04 elementor-widget elementor-widget-text-editor\" data-id=\"31c9b04\" data-element_type=\"widget\" data-e-type=\"widget\" data-widget_type=\"text-editor.default\">\n\t\t\t\t<div class=\"elementor-widget-container\">\n\t\t\t\t\t\t\t\t\t<div><i><b><span style=\"color: #38761d;\"><img decoding=\"async\" class=\"CToWUd\" src=\"https:\/\/ci3.googleusercontent.com\/mail-sig\/AIorK4yVcdBtVcaCgPpWiA_PP59DfJauCXju-rDBFEeu5CyhgWO3woUSF7iHA9wrl0KAfc2zG_LixOs\" width=\"96\" height=\"96\" data-bit=\"iit\" \/><br \/><\/span><\/b><\/i><\/div><div><i><b><span style=\"color: #38761d;\">Association S.E.T.A<\/span><\/b><\/i><\/div><div><div><i><span style=\"color: #cc0000;\"><b>S<\/b><\/span>auvegarde de l&rsquo;<span style=\"color: #cc0000;\"><b>E<\/b><\/span>nvironnement du\u00a0<b><span style=\"color: #cc0000;\">T<\/span><\/b>ech et des\u00a0<span style=\"color: #cc0000;\"><b>A<\/b><\/span>lb\u00e8res<\/i><\/div><div><i><b>Association reconnue d&rsquo;int\u00e9r\u00eat g\u00e9n\u00e9ral<\/b><br \/><\/i><i>avec le soutien de la\u00a0<span style=\"color: #0000ff;\">DRAJES Occitanie\u00a0\u00a0<\/span><\/i><i><br \/><\/i><\/div><div><i>n\u00b0 association : W661006296 ; identifiant SIRET : 909 096 976 00024<\/i><\/div><\/div><div><i>\u00a011, avenue de la Mer &#8211; 66740 Montesquieu des Alb\u00e8res<\/i><\/div><div><i>Email :<\/i>\u00a0<a href=\"mailto:seta66740@gmail.com\" target=\"_blank\" rel=\"noopener\"><span style=\"color: #0b5394;\"><i>seta66740@gmail.com<\/i><\/span><\/a><\/div><div><u>Site Web<\/u>\u00a0:\u00a0<a href=\"https:\/\/seta66.com\/\" target=\"_blank\" rel=\"noopener\" data-saferedirecturl=\"https:\/\/www.google.com\/url?q=https:\/\/seta66.com\/&amp;source=gmail&amp;ust=1684415478732000&amp;usg=AOvVaw0i_3aLdq0u7MZwUKiR7uoe\"><span style=\"color: #6aa84f;\">https:\/\/seta66.com\/<\/span><\/a><\/div><div>Rejoignez-nous sur\u00a0<a href=\"https:\/\/www.facebook.com\/SETA-107745111526763\/about\/?ref=page_internal\" target=\"_blank\" rel=\"noopener\" data-saferedirecturl=\"https:\/\/www.google.com\/url?q=https:\/\/www.facebook.com\/SETA-107745111526763\/about\/?ref%3Dpage_internal&amp;source=gmail&amp;ust=1684415478732000&amp;usg=AOvVaw1hdBe1OnaYhIb6NBTWatEl\"><b><span style=\"color: #0b5394;\">facebook<\/span><\/b><\/a><\/div><div>Rejoignez-nous sur\u00a0<a href=\"https:\/\/www.instagram.com\/associationseta66\/\" target=\"_blank\" rel=\"noopener\" data-saferedirecturl=\"https:\/\/www.google.com\/url?q=https:\/\/www.instagram.com\/associationseta66\/&amp;source=gmail&amp;ust=1684415478732000&amp;usg=AOvVaw2ms6d4Fx1ZF8xSP_VnUJj1\"><b>instagram<\/b><\/a><\/div><div><i>Cliquez pour\u00a0<a href=\"https:\/\/www.helloasso.com\/associations\/sauvegarde-de-l-environnement-du-tech-et-des-alber\/adhesions\/adhesion-cotisation-a-la-seta-pour-l-annee-2024\" target=\"_blank\" rel=\"noopener\" data-saferedirecturl=\"https:\/\/www.google.com\/url?q=https:\/\/www.helloasso.com\/associations\/sauvegarde-de-l-environnement-du-tech-et-des-alber\/adhesions\/adhesion-cotisation-a-la-seta-pour-l-annee-2023&amp;source=gmail&amp;ust=1684415478732000&amp;usg=AOvVaw3RO33o326WGVORvp6y_rsI\">Adh\u00e9rer en ligne \u00e0 la SETA pour l&rsquo;ann\u00e9e<\/a><\/i><\/div><div><i>Cliquez pour<\/i>\u00a0<a href=\"https:\/\/www.helloasso.com\/associations\/sauvegarde-de-l-environnement-du-tech-et-des-alber\/formulaires\/1\/widget\" target=\"_blank\" rel=\"noopener\" data-saferedirecturl=\"https:\/\/www.google.com\/url?q=https:\/\/www.helloasso.com\/associations\/sauvegarde-de-l-environnement-du-tech-et-des-alber\/formulaires\/1\/widget&amp;source=gmail&amp;ust=1684415478732000&amp;usg=AOvVaw3wTKX6Dw5p3KLZ_9PGEjR-\"><i>faire un don \u00e0 la SETA<\/i><\/a><\/div><div><a href=\"https:\/\/seta66.com\/wp-content\/uploads\/2024\/01\/qrcode-1.png\"><img decoding=\"async\" class=\"aligncenter  wp-image-4733\" src=\"https:\/\/seta66.com\/wp-content\/uploads\/2024\/01\/qrcode-1.png\" alt=\"\" width=\"148\" height=\"148\" srcset=\"https:\/\/seta66.com\/wp-content\/uploads\/2024\/01\/qrcode-1.png 600w, https:\/\/seta66.com\/wp-content\/uploads\/2024\/01\/qrcode-1-300x300.png 300w, https:\/\/seta66.com\/wp-content\/uploads\/2024\/01\/qrcode-1-150x150.png 150w\" sizes=\"(max-width: 148px) 100vw, 148px\" \/><\/a><\/div>\t\t\t\t\t\t\t\t<\/div>\n\t\t\t\t<\/div>\n\t\t\t\t\t<\/div>\n\t\t<\/div>\n\t\t\t\t\t<\/div>\n\t\t<\/section>\n\t\t\t\t<\/div>\n\t\t","protected":false},"excerpt":{"rendered":"<p>Archives Archives Seta-2021 Seta-2022 Seta-2023 X Association S.E.T.ASauvegarde de l&rsquo;Environnement du\u00a0Tech et des\u00a0Alb\u00e8resAssociation reconnue d&rsquo;int\u00e9r\u00eat g\u00e9n\u00e9ralavec le soutien de la\u00a0DRAJES Occitanie\u00a0\u00a0n\u00b0 association : W661006296 ; identifiant SIRET : 909 096 &hellip;<\/p>\n","protected":false},"author":2,"featured_media":0,"parent":0,"menu_order":0,"comment_status":"closed","ping_status":"closed","template":"elementor_theme","meta":{"_bbp_topic_count":0,"_bbp_reply_count":0,"_bbp_total_topic_count":0,"_bbp_total_reply_count":0,"_bbp_voice_count":0,"_bbp_anonymous_reply_count":0,"_bbp_topic_count_hidden":0,"_bbp_reply_count_hidden":0,"_bbp_forum_subforum_count":0,"footnotes":""},"class_list":["post-2735","page","type-page","status-publish","hentry"],"_links":{"self":[{"href":"https:\/\/seta66.com\/index.php\/wp-json\/wp\/v2\/pages\/2735","targetHints":{"allow":["GET"]}}],"collection":[{"href":"https:\/\/seta66.com\/index.php\/wp-json\/wp\/v2\/pages"}],"about":[{"href":"https:\/\/seta66.com\/index.php\/wp-json\/wp\/v2\/types\/page"}],"author":[{"embeddable":true,"href":"https:\/\/seta66.com\/index.php\/wp-json\/wp\/v2\/users\/2"}],"replies":[{"embeddable":true,"href":"https:\/\/seta66.com\/index.php\/wp-json\/wp\/v2\/comments?post=2735"}],"version-history":[{"count":2,"href":"https:\/\/seta66.com\/index.php\/wp-json\/wp\/v2\/pages\/2735\/revisions"}],"predecessor-version":[{"id":6313,"href":"https:\/\/seta66.com\/index.php\/wp-json\/wp\/v2\/pages\/2735\/revisions\/6313"}],"wp:attachment":[{"href":"https:\/\/seta66.com\/index.php\/wp-json\/wp\/v2\/media?parent=2735"}],"curies":[{"name":"wp","href":"https:\/\/api.w.org\/{rel}","templated":true}]}}